{"id":673,"date":"2022-11-18T15:10:59","date_gmt":"2022-11-18T15:10:59","guid":{"rendered":"http:\/\/muehle-laar.de\/?page_id=673"},"modified":"2023-03-24T12:02:20","modified_gmt":"2023-03-24T11:02:20","slug":"muehlentag","status":"publish","type":"page","link":"https:\/\/muehle-laar.de\/index.php\/muehlentag\/","title":{"rendered":"M\u00fchlentag"},"content":{"rendered":"\n<p>Am Pfingstmontag \u00f6ffnen mehr als 1.000 historische M\u00fchlen, wie auch wir, die T\u00fcren. Dann wird n\u00e4mlich zum traditionellem Deutschen M\u00fchlentag eingeladen. An dem Tag kann man am morgen von 10:00 Uhr bis 11:00 Uhr den \u00f6kumenischen Gottesdienst beitreten, sich danach einer F\u00fchrung durch die M\u00fchle anschlie\u00dfen und auch das neuerbaute Heimathaus besichtigen. <\/p>\n\n\n\n<p><\/p>\n","protected":false},"excerpt":{"rendered":"<p>Am Pfingstmontag \u00f6ffnen mehr als 1.000 historische M\u00fchlen, wie auch wir, die T\u00fcren. Dann wird n\u00e4mlich zum traditionellem Deutschen M\u00fchlentag eingeladen. An dem Tag kann man am morgen von 10:00 Uhr bis 11:00 Uhr den \u00f6kumenischen Gottesdienst beitreten, sich danach einer F\u00fchrung durch die M\u00fchle anschlie\u00dfen und auch das neuerbaute Heimathaus besichtigen.<\/p>\n","protected":false},"author":1,"featured_media":0,"parent":0,"menu_order":0,"comment_status":"closed","ping_status":"closed","template":"","meta":{"_mc_calendar":[],"footnotes":""},"class_list":["post-673","page","type-page","status-publish","hentry"],"_links":{"self":[{"href":"https:\/\/muehle-laar.de\/index.php\/wp-json\/wp\/v2\/pages\/673","targetHints":{"allow":["GET"]}}],"collection":[{"href":"https:\/\/muehle-laar.de\/index.php\/wp-json\/wp\/v2\/pages"}],"about":[{"href":"https:\/\/muehle-laar.de\/index.php\/wp-json\/wp\/v2\/types\/page"}],"author":[{"embeddable":true,"href":"https:\/\/muehle-laar.de\/index.php\/wp-json\/wp\/v2\/users\/1"}],"replies":[{"embeddable":true,"href":"https:\/\/muehle-laar.de\/index.php\/wp-json\/wp\/v2\/comments?post=673"}],"version-history":[{"count":2,"href":"https:\/\/muehle-laar.de\/index.php\/wp-json\/wp\/v2\/pages\/673\/revisions"}],"predecessor-version":[{"id":802,"href":"https:\/\/muehle-laar.de\/index.php\/wp-json\/wp\/v2\/pages\/673\/revisions\/802"}],"wp:attachment":[{"href":"https:\/\/muehle-laar.de\/index.php\/wp-json\/wp\/v2\/media?parent=673"}],"curies":[{"name":"wp","href":"https:\/\/api.w.org\/{rel}","templated":true}]}}