{"id":66,"date":"2022-09-26T13:07:02","date_gmt":"2022-09-26T13:07:02","guid":{"rendered":"http:\/\/muehle-laar.de\/?page_id=66"},"modified":"2023-03-12T20:36:02","modified_gmt":"2023-03-12T19:36:02","slug":"aktivitaeten","status":"publish","type":"page","link":"https:\/\/muehle-laar.de\/index.php\/aktivitaeten\/","title":{"rendered":"Aktivit\u00e4ten"},"content":{"rendered":"\n<p>Hier werde ein paar Aktivit\u00e4ten beschrieben und erkl\u00e4rt, die wir bei der M\u00fchle in Laar bieten und auch Aktivit\u00e4ten die von unterschiedlichen Organisationen bei uns jedes Jahr organisiert werden. <\/p>\n\n\n\n<h3 class=\"wp-block-heading\">M\u00fchlenlauf<\/h3>\n\n\n\n<div class=\"wp-block-media-text is-stacked-on-mobile is-vertically-aligned-top\"><figure class=\"wp-block-media-text__media\"><a href=\"https:\/\/muehle-laar.de\/wp-content\/uploads\/2022\/09\/molen-2.jpg\"><img loading=\"lazy\" decoding=\"async\" width=\"750\" height=\"1000\" src=\"https:\/\/muehle-laar.de\/wp-content\/uploads\/2022\/09\/molen-2.jpg\" alt=\"\" class=\"wp-image-132 size-full\" srcset=\"https:\/\/muehle-laar.de\/wp-content\/uploads\/2022\/09\/molen-2.jpg 750w, https:\/\/muehle-laar.de\/wp-content\/uploads\/2022\/09\/molen-2-225x300.jpg 225w\" sizes=\"auto, (max-width: 750px) 100vw, 750px\" \/><\/a><\/figure><div class=\"wp-block-media-text__content\">\n<p>Der SV&nbsp;Grenzland Laarwald bietet seit 1986 den Laarer M\u00fchlenlauf an. Interessierte Kinder, Jugendliche und Erwachsene k\u00f6nnen am 2 km-, 5 km- oder 10 km-Lauf teilnehmen. Der M\u00fchlenlauf ist ein Spa\u00df f\u00fcr Jung und Alt. Jeder ist hier willkommen.<\/p>\n\n\n\n<p><\/p>\n\n\n\n<p><\/p>\n<\/div><\/div>\n\n\n\n<h3 class=\"wp-block-heading\">Der Loarschemarkt<\/h3>\n\n\n\n<p>Jedes Jahr wird im Sommer ein Loarschenmarkt organisiert, daf\u00fcr wird ein Flohmarkt geboten und auch leckere Pfannkuchen vom Trekkerclub Laar. In der M\u00fchle kann man dann eine Tour machen und auf dem Ger\u00fcst um die M\u00fchle laufen. In dem Heimathaus ist dann leckerer Kaffee, Kuchen und belegtes Brot zu finden. <\/p>\n\n\n\n<h3 class=\"wp-block-heading\">Der Weihnachtsmarkt in Laar<\/h3>\n\n\n\n<p>Auf dem Weihnachtsmarkt in Laar wird von der M\u00fchle aus leckeren Gl\u00fchwein und auch leckeren Kakao geboten. Auch stattet der Nikolaus mit seinem Schwarten Piet hier einen Besuch ab. <\/p>\n\n\n\n<h3 class=\"wp-block-heading\">Weitere tolle Aktivit\u00e4ten<\/h3>\n\n\n\n<ul class=\"wp-block-list\">\n<li>Radtouren<\/li>\n\n\n\n<li>Kaffee und Kuchen Sonntage<\/li>\n<\/ul>\n\n\n\n<p>Wollen sie selber gerne eine tolle Aktivit\u00e4t planen?<\/p>\n\n\n\n<p>Tun Sie das in den R\u00e4umlichkeiten der M\u00fchle oder im Heimathaus und wenn Sie uns erreichen wollen, dann k\u00f6nnen Sie das <a href=\"https:\/\/muehle-laar.de\/index.php\/kontakt\/\">hier<\/a> tun. <\/p>\n\n\n\n<p>Mehr Informationen \u00fcber die M\u00fchle finden Sie <a href=\"https:\/\/muehle-laar.de\/index.php\/die-muehle\/\">hier<\/a>. <\/p>\n\n\n\n<p><\/p>\n\n\n\n<p><\/p>\n","protected":false},"excerpt":{"rendered":"<p>Hier werde ein paar Aktivit\u00e4ten beschrieben und erkl\u00e4rt, die wir bei der M\u00fchle in Laar bieten und auch Aktivit\u00e4ten die von unterschiedlichen Organisationen bei uns jedes Jahr organisiert werden. M\u00fchlenlauf Der SV&nbsp;Grenzland Laarwald bietet seit 1986 den Laarer M\u00fchlenlauf an. Interessierte Kinder, Jugendliche und Erwachsene k\u00f6nnen am 2 km-, 5 km- oder 10 km-Lauf teilnehmen. [&hellip;]<\/p>\n","protected":false},"author":1,"featured_media":0,"parent":0,"menu_order":0,"comment_status":"closed","ping_status":"closed","template":"","meta":{"_mc_calendar":[],"footnotes":""},"class_list":["post-66","page","type-page","status-publish","hentry"],"_links":{"self":[{"href":"https:\/\/muehle-laar.de\/index.php\/wp-json\/wp\/v2\/pages\/66","targetHints":{"allow":["GET"]}}],"collection":[{"href":"https:\/\/muehle-laar.de\/index.php\/wp-json\/wp\/v2\/pages"}],"about":[{"href":"https:\/\/muehle-laar.de\/index.php\/wp-json\/wp\/v2\/types\/page"}],"author":[{"embeddable":true,"href":"https:\/\/muehle-laar.de\/index.php\/wp-json\/wp\/v2\/users\/1"}],"replies":[{"embeddable":true,"href":"https:\/\/muehle-laar.de\/index.php\/wp-json\/wp\/v2\/comments?post=66"}],"version-history":[{"count":13,"href":"https:\/\/muehle-laar.de\/index.php\/wp-json\/wp\/v2\/pages\/66\/revisions"}],"predecessor-version":[{"id":738,"href":"https:\/\/muehle-laar.de\/index.php\/wp-json\/wp\/v2\/pages\/66\/revisions\/738"}],"wp:attachment":[{"href":"https:\/\/muehle-laar.de\/index.php\/wp-json\/wp\/v2\/media?parent=66"}],"curies":[{"name":"wp","href":"https:\/\/api.w.org\/{rel}","templated":true}]}}