{"id":64,"date":"2022-09-26T13:06:38","date_gmt":"2022-09-26T13:06:38","guid":{"rendered":"http:\/\/muehle-laar.de\/?page_id=64"},"modified":"2026-01-21T16:52:34","modified_gmt":"2026-01-21T15:52:34","slug":"vermieten","status":"publish","type":"page","link":"https:\/\/muehle-laar.de\/index.php\/vermieten\/","title":{"rendered":"Vermietung"},"content":{"rendered":"\n<p>Nachdem die M\u00fchle im Jahre 1981 gro\u00dfz\u00fcgig restauriert worden ist, hat sich der M\u00fchlenverein seit seiner Gr\u00fcndung zum Ziel gesetzt, die M\u00fchle zu einer Begegnungsst\u00e4tte in Laar werden zu lassen. Da sich die R\u00e4ume des Erd- und Galeriegeschosses der Windm\u00fchle nach dem Umbau gut als Feierraum eignen, hat sich der M\u00fchlenverein entschlossen, diese R\u00e4umlichkeiten interessierten Gruppen auf Anfrage gegen Entgelt zu vermieten. Mehr Informationen zur Entstehung der M\u00fchle finden Sie <a href=\"https:\/\/muehle-laar.de\/index.php\/die-muehle\/entstehung-der-muehle\/\">hier<\/a>.<\/p>\n\n\n\n<p>Seit Neuestem wird auch das neu erbaute Heimathaus vermietet. Dieses befindet sich neben der M\u00fchle und bietet mehr Tanzfl\u00e4che als die M\u00fchle. Das Heimathaus wurde in den Jahren 2014 bis 2017 vom M\u00fchlenverein neu erbaut und bietet eine sch\u00f6ne und angenehme Atmosph\u00e4re.<\/p>\n\n\n\n<p>In einem Schreiben sind die Modalit\u00e4ten f\u00fcr die \u00dcberlassung der M\u00fchle genau festgelegt. Der Verantwortliche einer Nutzergruppe erkennt durch seine Unterschrift die Bedingungen f\u00fcr die Nutzung der R\u00e4ume in der M\u00fchle an. Er haftet f\u00fcr s\u00e4mtliche von ihm verursachten Sch\u00e4den.<\/p>\n\n\n\n<figure class=\"wp-block-image size-large\"><a href=\"https:\/\/muehle-laar.de\/wp-content\/uploads\/2022\/11\/IMG_7845-scaled.jpg\"><img loading=\"lazy\" decoding=\"async\" width=\"1024\" height=\"768\" src=\"https:\/\/muehle-laar.de\/wp-content\/uploads\/2022\/11\/IMG_7845-1024x768.jpg\" alt=\"\" class=\"wp-image-508\" srcset=\"https:\/\/muehle-laar.de\/wp-content\/uploads\/2022\/11\/IMG_7845-1024x768.jpg 1024w, https:\/\/muehle-laar.de\/wp-content\/uploads\/2022\/11\/IMG_7845-300x225.jpg 300w, https:\/\/muehle-laar.de\/wp-content\/uploads\/2022\/11\/IMG_7845-768x576.jpg 768w, https:\/\/muehle-laar.de\/wp-content\/uploads\/2022\/11\/IMG_7845-1536x1152.jpg 1536w, https:\/\/muehle-laar.de\/wp-content\/uploads\/2022\/11\/IMG_7845-2048x1536.jpg 2048w\" sizes=\"auto, (max-width: 1024px) 100vw, 1024px\" \/><\/a><\/figure>\n","protected":false},"excerpt":{"rendered":"<p>Nachdem die M\u00fchle im Jahre 1981 gro\u00dfz\u00fcgig restauriert worden ist, hat sich der M\u00fchlenverein seit seiner Gr\u00fcndung zum Ziel gesetzt, die M\u00fchle zu einer Begegnungsst\u00e4tte in Laar werden zu lassen. Da sich die R\u00e4ume des Erd- und Galeriegeschosses der Windm\u00fchle nach dem Umbau gut als Feierraum eignen, hat sich der M\u00fchlenverein entschlossen, diese R\u00e4umlichkeiten interessierten [&hellip;]<\/p>\n","protected":false},"author":1,"featured_media":0,"parent":0,"menu_order":0,"comment_status":"closed","ping_status":"closed","template":"","meta":{"_mc_calendar":[],"footnotes":""},"class_list":["post-64","page","type-page","status-publish","hentry"],"_links":{"self":[{"href":"https:\/\/muehle-laar.de\/index.php\/wp-json\/wp\/v2\/pages\/64","targetHints":{"allow":["GET"]}}],"collection":[{"href":"https:\/\/muehle-laar.de\/index.php\/wp-json\/wp\/v2\/pages"}],"about":[{"href":"https:\/\/muehle-laar.de\/index.php\/wp-json\/wp\/v2\/types\/page"}],"author":[{"embeddable":true,"href":"https:\/\/muehle-laar.de\/index.php\/wp-json\/wp\/v2\/users\/1"}],"replies":[{"embeddable":true,"href":"https:\/\/muehle-laar.de\/index.php\/wp-json\/wp\/v2\/comments?post=64"}],"version-history":[{"count":11,"href":"https:\/\/muehle-laar.de\/index.php\/wp-json\/wp\/v2\/pages\/64\/revisions"}],"predecessor-version":[{"id":826,"href":"https:\/\/muehle-laar.de\/index.php\/wp-json\/wp\/v2\/pages\/64\/revisions\/826"}],"wp:attachment":[{"href":"https:\/\/muehle-laar.de\/index.php\/wp-json\/wp\/v2\/media?parent=64"}],"curies":[{"name":"wp","href":"https:\/\/api.w.org\/{rel}","templated":true}]}}