{"id":62,"date":"2022-09-26T13:06:08","date_gmt":"2022-09-26T13:06:08","guid":{"rendered":"http:\/\/muehle-laar.de\/?page_id=62"},"modified":"2023-02-21T18:34:40","modified_gmt":"2023-02-21T18:34:40","slug":"die-muehle","status":"publish","type":"page","link":"https:\/\/muehle-laar.de\/index.php\/die-muehle\/","title":{"rendered":"Die M\u00fchle"},"content":{"rendered":"\n<p>Im Herzen von Laar steht diese wundersch\u00f6ne Windm\u00fchle am Ufer der Vechte. Ziel unseres Vereins ist, das wir f\u00fcr die Erhaltung und den Unterhalt der Windm\u00fchle Sorge tragen. Unser Verein besteht schon seit 1983 und ist bis jetzt immer noch aktiv. Die M\u00fchle in Laar kann man f\u00fcr Veranstaltungen mieten. Sie eignet sich perfekt f\u00fcr Geburtstags feiern und Hochzeiten. Man kann seid 2017 auch das neu erbaute Heimathaus mieten f\u00fcr Veranstaltungen. Diese R\u00e4umlichkeit eignet sich ideal f\u00fcr gr\u00f6\u00dfere Veranstaltungen. <\/p>\n\n\n\n<p>Seit neuem gibt es auch die Vechtezomp. Dies ist ein Boot das von Laar nach Gramsbergen, Coevorden oder Zwieseborg f\u00e4hrt. Man kann das Boot mieten f\u00fcr Gruppenfahrten oder auch an \u00f6ffentlichen Fahrten teilnehmen. Mehr Informationen finden Sie <a href=\"https:\/\/muehle-laar.de\/index.php\/bau-der-veschtezompe\/\">hier<\/a>. <\/p>\n\n\n\n<p>Der Verein trifft sich jeden Mittwochabend um Erneuerungen an der M\u00fchle vorzunehmen. Wenn sie mal vorbeischauen m\u00f6chten oder sich f\u00fcr den M\u00fchlenverein interessieren k\u00f6nnen Sie dies gerne an einem Mittwochabend tun. <\/p>\n\n\n\n<p><\/p>\n\n\n\n<figure class=\"wp-block-gallery has-nested-images columns-default is-cropped wp-block-gallery-1 is-layout-flex wp-block-gallery-is-layout-flex\">\n<figure class=\"wp-block-image size-full\"><a href=\"https:\/\/muehle-laar.de\/wp-content\/uploads\/2022\/09\/molen-2.jpg\"><img loading=\"lazy\" decoding=\"async\" width=\"750\" height=\"1000\" data-id=\"132\" src=\"https:\/\/muehle-laar.de\/wp-content\/uploads\/2022\/09\/molen-2.jpg\" alt=\"\" class=\"wp-image-132\" srcset=\"https:\/\/muehle-laar.de\/wp-content\/uploads\/2022\/09\/molen-2.jpg 750w, https:\/\/muehle-laar.de\/wp-content\/uploads\/2022\/09\/molen-2-225x300.jpg 225w\" sizes=\"auto, (max-width: 750px) 100vw, 750px\" \/><\/a><\/figure>\n\n\n\n<figure class=\"wp-block-image size-large\"><a href=\"https:\/\/muehle-laar.de\/wp-content\/uploads\/2022\/09\/molen-1.jpg\"><img loading=\"lazy\" decoding=\"async\" width=\"750\" height=\"1000\" data-id=\"130\" src=\"https:\/\/muehle-laar.de\/wp-content\/uploads\/2022\/09\/molen-1.jpg\" alt=\"\" class=\"wp-image-130\" srcset=\"https:\/\/muehle-laar.de\/wp-content\/uploads\/2022\/09\/molen-1.jpg 750w, https:\/\/muehle-laar.de\/wp-content\/uploads\/2022\/09\/molen-1-225x300.jpg 225w\" sizes=\"auto, (max-width: 750px) 100vw, 750px\" \/><\/a><\/figure>\n\n\n\n<figure class=\"wp-block-image size-large\"><a href=\"https:\/\/muehle-laar.de\/wp-content\/uploads\/2022\/09\/molen-5.jpg\"><img loading=\"lazy\" decoding=\"async\" width=\"933\" height=\"700\" data-id=\"134\" src=\"https:\/\/muehle-laar.de\/wp-content\/uploads\/2022\/09\/molen-5.jpg\" alt=\"\" class=\"wp-image-134\" srcset=\"https:\/\/muehle-laar.de\/wp-content\/uploads\/2022\/09\/molen-5.jpg 933w, https:\/\/muehle-laar.de\/wp-content\/uploads\/2022\/09\/molen-5-300x225.jpg 300w, https:\/\/muehle-laar.de\/wp-content\/uploads\/2022\/09\/molen-5-768x576.jpg 768w\" sizes=\"auto, (max-width: 933px) 100vw, 933px\" \/><\/a><\/figure>\n<\/figure>\n","protected":false},"excerpt":{"rendered":"<p>Im Herzen von Laar steht diese wundersch\u00f6ne Windm\u00fchle am Ufer der Vechte. Ziel unseres Vereins ist, das wir f\u00fcr die Erhaltung und den Unterhalt der Windm\u00fchle Sorge tragen. Unser Verein besteht schon seit 1983 und ist bis jetzt immer noch aktiv. Die M\u00fchle in Laar kann man f\u00fcr Veranstaltungen mieten. Sie eignet sich perfekt f\u00fcr [&hellip;]<\/p>\n","protected":false},"author":1,"featured_media":0,"parent":0,"menu_order":0,"comment_status":"closed","ping_status":"closed","template":"","meta":{"_mc_calendar":[],"footnotes":""},"class_list":["post-62","page","type-page","status-publish","hentry"],"_links":{"self":[{"href":"https:\/\/muehle-laar.de\/index.php\/wp-json\/wp\/v2\/pages\/62","targetHints":{"allow":["GET"]}}],"collection":[{"href":"https:\/\/muehle-laar.de\/index.php\/wp-json\/wp\/v2\/pages"}],"about":[{"href":"https:\/\/muehle-laar.de\/index.php\/wp-json\/wp\/v2\/types\/page"}],"author":[{"embeddable":true,"href":"https:\/\/muehle-laar.de\/index.php\/wp-json\/wp\/v2\/users\/1"}],"replies":[{"embeddable":true,"href":"https:\/\/muehle-laar.de\/index.php\/wp-json\/wp\/v2\/comments?post=62"}],"version-history":[{"count":12,"href":"https:\/\/muehle-laar.de\/index.php\/wp-json\/wp\/v2\/pages\/62\/revisions"}],"predecessor-version":[{"id":690,"href":"https:\/\/muehle-laar.de\/index.php\/wp-json\/wp\/v2\/pages\/62\/revisions\/690"}],"wp:attachment":[{"href":"https:\/\/muehle-laar.de\/index.php\/wp-json\/wp\/v2\/media?parent=62"}],"curies":[{"name":"wp","href":"https:\/\/api.w.org\/{rel}","templated":true}]}}