{"id":47,"date":"2022-09-20T11:00:01","date_gmt":"2022-09-20T11:00:01","guid":{"rendered":"http:\/\/muehle-laar.de\/?page_id=47"},"modified":"2022-11-14T13:44:00","modified_gmt":"2022-11-14T13:44:00","slug":"muehlenlied","status":"publish","type":"page","link":"https:\/\/muehle-laar.de\/index.php\/die-muehle\/muehlenlied\/","title":{"rendered":"M\u00fchlenlied"},"content":{"rendered":"\n<p>Auf Bitte des Vorstandes textete Steven Lambers im Sommer 1992 ein M\u00fchlenlied.<\/p>\n\n\n\n<p>1.&nbsp;<em>Am Vechtestrand, ne M\u00fchle steht, ho, ho, ho.<br>&nbsp;&nbsp;&nbsp; Die M\u00fchle wird vom Wind gedreht, ho, ho, ho.<br>&nbsp;&nbsp;&nbsp; Die M\u00fchle, das ist allen klar, ho, ho, tirallala,<br>&nbsp;&nbsp;&nbsp; sie ist der der Mittelpunkt von Laar, ho, ho, ho.<br>&nbsp;&nbsp;&nbsp; Hier wird gefeiert manches Fest, ho, ho, ho.<br>&nbsp;&nbsp;&nbsp; Willkommen sind hier alle G\u00e4st&#8216;, ho, ho, ho.<br>&nbsp;&nbsp;&nbsp; Ein jeder wohl sich f\u00fchle, ho, ho, tirallala,<br>&nbsp;&nbsp;&nbsp; In unsrer Laarer M\u00fchle, ho, ho, ho.<\/em><\/p>\n\n\n\n<p>2.&nbsp;<em>Damit die M\u00fchle bleibt bestehn, ho, ho, ho,<br>&nbsp;&nbsp;&nbsp; und sich die Fl\u00fcgel weiter drehn, ho, ho, ho,<br>&nbsp;&nbsp;&nbsp; ja, daf\u00fcr setzen wir uns ein, ho, ho, tirallala,<br>&nbsp;&nbsp;&nbsp; ja wir vom Laarer M\u00fchl&#8217;nverein, ho, ho, ho.<br>&nbsp;&nbsp;&nbsp; Wir feiern hier das M\u00fchlenfest, ho, ho, ho.<br>&nbsp;&nbsp;&nbsp; Willkommen sind hier alle G\u00e4st&#8216;, ho, ho, ho.<br>&nbsp;&nbsp;&nbsp; Ein jeder wohl sich f\u00fchle, ho, ho, tirallala,<br>&nbsp;&nbsp;&nbsp; In unsrer Laarer M\u00fchle, ho, ho, ho.<\/em><\/p>\n\n\n\n<p>3.&nbsp;<em>Es startet hier der M\u00fchlenlauf, ho, ho, ho.<br>&nbsp;&nbsp;&nbsp; Ch\u00f6re aus Laar, die treten auf, ho, ho, ho.<br>&nbsp;&nbsp;&nbsp; Der Fahrradtag lockt jedes Jahr, ho, ho, tirallala,&nbsp;<br>&nbsp;&nbsp;&nbsp; recht viele Laute hier nach Laar, ho, ho, ho.&nbsp;&nbsp;<br>&nbsp;&nbsp;&nbsp; Im Winter l\u00e4dt der M\u00fchl&#8217;nverein, ho, ho, ho,&nbsp;<br>&nbsp;&nbsp;&nbsp; gern Alt und Jung zum Eislauf ein, ho, ho, ho.<br>&nbsp;&nbsp;&nbsp;&nbsp;Ein jeder wohl sich f\u00fchle, ho, ho, tirallala,<br>&nbsp;&nbsp;&nbsp;&nbsp;In unsrer Laarer M\u00fchle, ho, ho, ho.<\/em><\/p>\n","protected":false},"excerpt":{"rendered":"<p>Auf Bitte des Vorstandes textete Steven Lambers im Sommer 1992 ein M\u00fchlenlied. 1.&nbsp;Am Vechtestrand, ne M\u00fchle steht, ho, ho, ho.&nbsp;&nbsp;&nbsp; Die M\u00fchle wird vom Wind gedreht, ho, ho, ho.&nbsp;&nbsp;&nbsp; Die M\u00fchle, das ist allen klar, ho, ho, tirallala,&nbsp;&nbsp;&nbsp; sie ist der der Mittelpunkt von Laar, ho, ho, ho.&nbsp;&nbsp;&nbsp; Hier wird gefeiert manches Fest, ho, ho, [&hellip;]<\/p>\n","protected":false},"author":1,"featured_media":0,"parent":62,"menu_order":10,"comment_status":"closed","ping_status":"closed","template":"page-no-separators","meta":{"_mc_calendar":[],"footnotes":""},"class_list":["post-47","page","type-page","status-publish","hentry"],"_links":{"self":[{"href":"https:\/\/muehle-laar.de\/index.php\/wp-json\/wp\/v2\/pages\/47","targetHints":{"allow":["GET"]}}],"collection":[{"href":"https:\/\/muehle-laar.de\/index.php\/wp-json\/wp\/v2\/pages"}],"about":[{"href":"https:\/\/muehle-laar.de\/index.php\/wp-json\/wp\/v2\/types\/page"}],"author":[{"embeddable":true,"href":"https:\/\/muehle-laar.de\/index.php\/wp-json\/wp\/v2\/users\/1"}],"replies":[{"embeddable":true,"href":"https:\/\/muehle-laar.de\/index.php\/wp-json\/wp\/v2\/comments?post=47"}],"version-history":[{"count":3,"href":"https:\/\/muehle-laar.de\/index.php\/wp-json\/wp\/v2\/pages\/47\/revisions"}],"predecessor-version":[{"id":548,"href":"https:\/\/muehle-laar.de\/index.php\/wp-json\/wp\/v2\/pages\/47\/revisions\/548"}],"up":[{"embeddable":true,"href":"https:\/\/muehle-laar.de\/index.php\/wp-json\/wp\/v2\/pages\/62"}],"wp:attachment":[{"href":"https:\/\/muehle-laar.de\/index.php\/wp-json\/wp\/v2\/media?parent=47"}],"curies":[{"name":"wp","href":"https:\/\/api.w.org\/{rel}","templated":true}]}}