{"id":392,"date":"2022-10-20T11:16:16","date_gmt":"2022-10-20T11:16:16","guid":{"rendered":"http:\/\/muehle-laar.de\/?page_id=392"},"modified":"2023-02-21T18:48:07","modified_gmt":"2023-02-21T18:48:07","slug":"bau-der-veschtezompe","status":"publish","type":"page","link":"https:\/\/muehle-laar.de\/index.php\/aktivitaeten\/bau-der-veschtezompe\/","title":{"rendered":"Vechtezomp in Laar"},"content":{"rendered":"\n<p><strong>Vechtezomp \u201eDe M\u00f6lle\u201c<\/strong><\/p>\n\n\n\n<p>Am Ende des Sp\u00e4tmittelalters erm\u00f6glichte die Vechteschifffahrt einen lebhaften Handel mit Bentheimer Sandstein und Kolonialwaren. Flachbodenschiffe transportierten auf der Vechte die Waren flussauf- und \u2013abw\u00e4rts. Seit etwa 1860 fahren keine Schiffe mehr.<\/p>\n\n\n\n<p>Nun soll die Schifffahrt f\u00fcr touristische Zwecke neu belebt werden. In der Werft Houtindustrie Gramsbergen steht der Bau einer Vechtezomp, eines elektrisch betriebenen Flachbodenschiffes, kurz vor der Fertigstellung. Es sind grenz\u00fcberschreitende Fahrten von Laar nach Gramsbergen, Coevorden oder Zwieseborg geplant.&nbsp;<\/p>\n\n\n\n<p>Mit dem Boot sind auf Anmeldung Gruppenfahrten bis zu 25 Personen m\u00f6glich. Interessierte Gruppen k\u00f6nnen eine einfache Fahrt oder Hin- und R\u00fcckfahrt mit Aufenthalt am Zielort beim VVV \u2013 Verein Vier an der Vechte e. V. buchen. Der Start ist am Anleger bei der M\u00fchle in Laar. Fahrradverleih und Fahrradtransport zum gew\u00fcnschten Ort sind auf Anfrage m\u00f6glich. Ebenso eine Bewirtung an Bord mit Kaltgetr\u00e4nken oder mit Kaffee, Tee und Kuchen w\u00e4hrend der Pause oder nach der Fahrt.<\/p>\n\n\n\n<p>W\u00e4hrend der Sommerferien finden w\u00f6chentlich dienstags oder donnerstags \u00f6ffentliche Fahrten statt. Die Mindestteilnehmerzahl liegt bei 10 Personen. Die Termine und m\u00f6gliche Zusatztermine au\u00dferhalb der Ferien werden rechtzeitig bekannt gegeben.<\/p>\n\n\n\n<div style=\"height:16px\" aria-hidden=\"true\" class=\"wp-block-spacer\"><\/div>\n\n\n\n<div class=\"wp-block-group is-vertical is-layout-flex wp-container-core-group-is-layout-fe9cc265 wp-block-group-is-layout-flex\">\n<p style=\"line-height:0.1\">Buchungen sind m\u00f6glich beim VVV-Verein Vier an der Vechte e. V<\/p>\n\n\n\n<p style=\"line-height:0.1\">(hier k\u00f6nnen Sie auch nach den Preisen fragen)<\/p>\n\n\n\n<div style=\"height:0px\" aria-hidden=\"true\" class=\"wp-block-spacer\"><\/div>\n\n\n\n<p style=\"line-height:0.5\">Rathausstr. 2<\/p>\n\n\n\n<p style=\"line-height:0.5\">49824 Emlichheim<\/p>\n\n\n\n<p style=\"line-height:0.5\">Tel. 05943 \/ 9992915<\/p>\n\n\n\n<p style=\"line-height:0.5\">info@vvv-emlichheim.de<\/p>\n\n\n\n<p style=\"line-height:0.5\">www.vechtezomp.de<\/p>\n<\/div>\n","protected":false},"excerpt":{"rendered":"<p>Vechtezomp \u201eDe M\u00f6lle\u201c Am Ende des Sp\u00e4tmittelalters erm\u00f6glichte die Vechteschifffahrt einen lebhaften Handel mit Bentheimer Sandstein und Kolonialwaren. Flachbodenschiffe transportierten auf der Vechte die Waren flussauf- und \u2013abw\u00e4rts. Seit etwa 1860 fahren keine Schiffe mehr. Nun soll die Schifffahrt f\u00fcr touristische Zwecke neu belebt werden. In der Werft Houtindustrie Gramsbergen steht der Bau einer Vechtezomp, [&hellip;]<\/p>\n","protected":false},"author":1,"featured_media":0,"parent":66,"menu_order":70,"comment_status":"closed","ping_status":"closed","template":"","meta":{"_mc_calendar":[],"footnotes":""},"class_list":["post-392","page","type-page","status-publish","hentry"],"_links":{"self":[{"href":"https:\/\/muehle-laar.de\/index.php\/wp-json\/wp\/v2\/pages\/392","targetHints":{"allow":["GET"]}}],"collection":[{"href":"https:\/\/muehle-laar.de\/index.php\/wp-json\/wp\/v2\/pages"}],"about":[{"href":"https:\/\/muehle-laar.de\/index.php\/wp-json\/wp\/v2\/types\/page"}],"author":[{"embeddable":true,"href":"https:\/\/muehle-laar.de\/index.php\/wp-json\/wp\/v2\/users\/1"}],"replies":[{"embeddable":true,"href":"https:\/\/muehle-laar.de\/index.php\/wp-json\/wp\/v2\/comments?post=392"}],"version-history":[{"count":7,"href":"https:\/\/muehle-laar.de\/index.php\/wp-json\/wp\/v2\/pages\/392\/revisions"}],"predecessor-version":[{"id":697,"href":"https:\/\/muehle-laar.de\/index.php\/wp-json\/wp\/v2\/pages\/392\/revisions\/697"}],"up":[{"embeddable":true,"href":"https:\/\/muehle-laar.de\/index.php\/wp-json\/wp\/v2\/pages\/66"}],"wp:attachment":[{"href":"https:\/\/muehle-laar.de\/index.php\/wp-json\/wp\/v2\/media?parent=392"}],"curies":[{"name":"wp","href":"https:\/\/api.w.org\/{rel}","templated":true}]}}