{"id":261,"date":"2022-10-17T13:27:39","date_gmt":"2022-10-17T13:27:39","guid":{"rendered":"http:\/\/muehle-laar.de\/?page_id=261"},"modified":"2023-03-22T20:05:06","modified_gmt":"2023-03-22T19:05:06","slug":"kontakt","status":"publish","type":"page","link":"https:\/\/muehle-laar.de\/index.php\/kontakt\/","title":{"rendered":"Kontakt"},"content":{"rendered":"\n<p>Die M\u00fchle und das Heimathaus kann man f\u00fcr Feierlichkeiten mieten. <\/p>\n\n\n\n<p>Die M\u00fchle hat eine Fl\u00e4che von 21m<sup>2<\/sup> und ist daher f\u00fcr Feierlichkeiten mit maximal 30 G\u00e4sten zu mieten.<\/p>\n\n\n\n<div class=\"wp-block-buttons is-layout-flex wp-block-buttons-is-layout-flex\">\n<div class=\"wp-block-button\"><a class=\"wp-block-button__link wp-element-button\" href=\"https:\/\/muehle-laar.de\/index.php\/kontakt\/die-muehle-mieten\/\">Die M\u00fchle mieten<\/a><\/div>\n<\/div>\n\n\n\n<p>Das Heimathaus dagegen hat eine Fl\u00e4che von 130m<sup><sup>2<\/sup><\/sup> und ist daher besser geeignet f\u00fcr gr\u00f6ssere Feierlichkeiten mit einer Anzahl von ca. 70 personen.<\/p>\n\n\n\n<div class=\"wp-block-buttons is-layout-flex wp-block-buttons-is-layout-flex\">\n<div class=\"wp-block-button\"><a class=\"wp-block-button__link wp-element-button\" href=\"https:\/\/muehle-laar.de\/index.php\/kontakt\/das-heimathaus-mieten\/\">Das Heimathaus mieten<\/a><\/div>\n<\/div>\n\n\n\n<p><\/p>\n\n\n\n<div class=\"wp-block-group is-layout-flow wp-block-group-is-layout-flow\">\n<iframe src=\"https:\/\/www.google.com\/maps\/embed?pb=!1m18!1m12!1m3!1d1211.3108899064323!2d6.742417614941616!3d52.612607038078124!2m3!1f0!2f0!3f0!3m2!1i1024!2i768!4f13.1!3m3!1m2!1s0x47b7fc11565ff1ad%3A0xe0fc570c60493ff7!2sM%C3%BChle%20Laar!5e0!3m2!1snl!2snl!4v1666688136954!5m2!1snl!2snl\" width=\"600\" height=\"450\" style=\"border:0;\" allowfullscreen=\"\" loading=\"lazy\" referrerpolicy=\"no-referrer-when-downgrade\"><\/iframe>\n<\/div>\n","protected":false},"excerpt":{"rendered":"<p>Die M\u00fchle und das Heimathaus kann man f\u00fcr Feierlichkeiten mieten. Die M\u00fchle hat eine Fl\u00e4che von 21m2 und ist daher f\u00fcr Feierlichkeiten mit maximal 30 G\u00e4sten zu mieten. Das Heimathaus dagegen hat eine Fl\u00e4che von 130m2 und ist daher besser geeignet f\u00fcr gr\u00f6ssere Feierlichkeiten mit einer Anzahl von ca. 70 personen.<\/p>\n","protected":false},"author":1,"featured_media":0,"parent":0,"menu_order":0,"comment_status":"closed","ping_status":"closed","template":"","meta":{"_mc_calendar":[],"footnotes":""},"class_list":["post-261","page","type-page","status-publish","hentry"],"_links":{"self":[{"href":"https:\/\/muehle-laar.de\/index.php\/wp-json\/wp\/v2\/pages\/261","targetHints":{"allow":["GET"]}}],"collection":[{"href":"https:\/\/muehle-laar.de\/index.php\/wp-json\/wp\/v2\/pages"}],"about":[{"href":"https:\/\/muehle-laar.de\/index.php\/wp-json\/wp\/v2\/types\/page"}],"author":[{"embeddable":true,"href":"https:\/\/muehle-laar.de\/index.php\/wp-json\/wp\/v2\/users\/1"}],"replies":[{"embeddable":true,"href":"https:\/\/muehle-laar.de\/index.php\/wp-json\/wp\/v2\/comments?post=261"}],"version-history":[{"count":8,"href":"https:\/\/muehle-laar.de\/index.php\/wp-json\/wp\/v2\/pages\/261\/revisions"}],"predecessor-version":[{"id":784,"href":"https:\/\/muehle-laar.de\/index.php\/wp-json\/wp\/v2\/pages\/261\/revisions\/784"}],"wp:attachment":[{"href":"https:\/\/muehle-laar.de\/index.php\/wp-json\/wp\/v2\/media?parent=261"}],"curies":[{"name":"wp","href":"https:\/\/api.w.org\/{rel}","templated":true}]}}