{"id":217,"date":"2022-10-13T13:25:28","date_gmt":"2022-10-13T13:25:28","guid":{"rendered":"http:\/\/muehle-laar.de\/?page_id=217"},"modified":"2023-03-22T20:18:30","modified_gmt":"2023-03-22T19:18:30","slug":"der-loarschemarkt","status":"publish","type":"page","link":"https:\/\/muehle-laar.de\/index.php\/aktivitaeten\/der-loarschemarkt\/","title":{"rendered":"Loarscher Markt"},"content":{"rendered":"\n<p>Jedes Jahr, am 3. Wochenende im August, findet der Loarsche Markt statt. <\/p>\n\n\n\n<p>In der Zeit von 8 bis 16&nbsp;Uhr ist auf dem Gel\u00e4nde rund um Schule, Dorfgemeinschaftshaus, Sporthalle, M\u00fchle und Heimathaus ein gro\u00dfes Markttreiben. <\/p>\n\n\n\n<p>Sie finden hier einen Flohmarkt, Oldtimer&nbsp;Trecker und unterschiedliche M\u00f6glichkeiten um gem\u00fctlich etwas zu trinken oder zu essen. <\/p>\n","protected":false},"excerpt":{"rendered":"<p>Jedes Jahr, am 3. Wochenende im August, findet der Loarsche Markt statt. In der Zeit von 8 bis 16&nbsp;Uhr ist auf dem Gel\u00e4nde rund um Schule, Dorfgemeinschaftshaus, Sporthalle, M\u00fchle und Heimathaus ein gro\u00dfes Markttreiben. Sie finden hier einen Flohmarkt, Oldtimer&nbsp;Trecker und unterschiedliche M\u00f6glichkeiten um gem\u00fctlich etwas zu trinken oder zu essen.<\/p>\n","protected":false},"author":1,"featured_media":0,"parent":66,"menu_order":30,"comment_status":"closed","ping_status":"closed","template":"","meta":{"_mc_calendar":[],"footnotes":""},"class_list":["post-217","page","type-page","status-publish","hentry"],"_links":{"self":[{"href":"https:\/\/muehle-laar.de\/index.php\/wp-json\/wp\/v2\/pages\/217","targetHints":{"allow":["GET"]}}],"collection":[{"href":"https:\/\/muehle-laar.de\/index.php\/wp-json\/wp\/v2\/pages"}],"about":[{"href":"https:\/\/muehle-laar.de\/index.php\/wp-json\/wp\/v2\/types\/page"}],"author":[{"embeddable":true,"href":"https:\/\/muehle-laar.de\/index.php\/wp-json\/wp\/v2\/users\/1"}],"replies":[{"embeddable":true,"href":"https:\/\/muehle-laar.de\/index.php\/wp-json\/wp\/v2\/comments?post=217"}],"version-history":[{"count":7,"href":"https:\/\/muehle-laar.de\/index.php\/wp-json\/wp\/v2\/pages\/217\/revisions"}],"predecessor-version":[{"id":788,"href":"https:\/\/muehle-laar.de\/index.php\/wp-json\/wp\/v2\/pages\/217\/revisions\/788"}],"up":[{"embeddable":true,"href":"https:\/\/muehle-laar.de\/index.php\/wp-json\/wp\/v2\/pages\/66"}],"wp:attachment":[{"href":"https:\/\/muehle-laar.de\/index.php\/wp-json\/wp\/v2\/media?parent=217"}],"curies":[{"name":"wp","href":"https:\/\/api.w.org\/{rel}","templated":true}]}}