{"id":11,"date":"2022-09-13T10:03:08","date_gmt":"2022-09-13T10:03:08","guid":{"rendered":"http:\/\/muehle-laar.de\/?page_id=11"},"modified":"2023-03-12T20:55:22","modified_gmt":"2023-03-12T19:55:22","slug":"muehlenlauf","status":"publish","type":"page","link":"https:\/\/muehle-laar.de\/index.php\/aktivitaeten\/muehlenlauf\/","title":{"rendered":"M\u00fchlenlauf"},"content":{"rendered":"\n<p>Der SV\u00a0Grenzland Laarwald bietet seit 1986 den Laarer M\u00fchlenlauf an. Interessierte Kinder, Jugendliche und Erwachsene k\u00f6nnen am 2 km-, 5 km- oder 10 km-Lauf teilnehmen. Der M\u00fchlenlauf findet jedes Jahr im 3. Wochenende im September statt.<\/p>\n\n\n\n<p>Start und Ziel sind jeweils bei der M\u00fchle. In Zusammenarbeit mit dem Sportverein sorgt der M\u00fchlenverein seitdem regelm\u00e4\u00dfig f\u00fcr die Versorgung der L\u00e4ufer und Zuschauer mit Getr\u00e4nken und Imbissangeboten.<\/p>\n","protected":false},"excerpt":{"rendered":"<p>Der SV\u00a0Grenzland Laarwald bietet seit 1986 den Laarer M\u00fchlenlauf an. Interessierte Kinder, Jugendliche und Erwachsene k\u00f6nnen am 2 km-, 5 km- oder 10 km-Lauf teilnehmen. Der M\u00fchlenlauf findet jedes Jahr im 3. Wochenende im September statt. Start und Ziel sind jeweils bei der M\u00fchle. In Zusammenarbeit mit dem Sportverein sorgt der M\u00fchlenverein seitdem regelm\u00e4\u00dfig f\u00fcr [&hellip;]<\/p>\n","protected":false},"author":1,"featured_media":0,"parent":66,"menu_order":10,"comment_status":"closed","ping_status":"closed","template":"","meta":{"_mc_calendar":[],"footnotes":""},"class_list":["post-11","page","type-page","status-publish","hentry"],"_links":{"self":[{"href":"https:\/\/muehle-laar.de\/index.php\/wp-json\/wp\/v2\/pages\/11","targetHints":{"allow":["GET"]}}],"collection":[{"href":"https:\/\/muehle-laar.de\/index.php\/wp-json\/wp\/v2\/pages"}],"about":[{"href":"https:\/\/muehle-laar.de\/index.php\/wp-json\/wp\/v2\/types\/page"}],"author":[{"embeddable":true,"href":"https:\/\/muehle-laar.de\/index.php\/wp-json\/wp\/v2\/users\/1"}],"replies":[{"embeddable":true,"href":"https:\/\/muehle-laar.de\/index.php\/wp-json\/wp\/v2\/comments?post=11"}],"version-history":[{"count":7,"href":"https:\/\/muehle-laar.de\/index.php\/wp-json\/wp\/v2\/pages\/11\/revisions"}],"predecessor-version":[{"id":745,"href":"https:\/\/muehle-laar.de\/index.php\/wp-json\/wp\/v2\/pages\/11\/revisions\/745"}],"up":[{"embeddable":true,"href":"https:\/\/muehle-laar.de\/index.php\/wp-json\/wp\/v2\/pages\/66"}],"wp:attachment":[{"href":"https:\/\/muehle-laar.de\/index.php\/wp-json\/wp\/v2\/media?parent=11"}],"curies":[{"name":"wp","href":"https:\/\/api.w.org\/{rel}","templated":true}]}}